{"id":23,"date":"2015-09-30T21:15:04","date_gmt":"2015-09-30T21:15:04","guid":{"rendered":"http:\/\/stowarzyszeniepomocy.pl\/?page_id=23"},"modified":"2020-12-03T17:22:06","modified_gmt":"2020-12-03T17:22:06","slug":"tytul","status":"publish","type":"page","link":"https:\/\/stowarzyszeniepomocy.pl\/","title":{"rendered":"3 grudzie\u0144 to Miedzynarodowy Dzie\u0144 Os\u00f3b z Niepe\u0142nosprawno\u015bci\u0105"},"content":{"rendered":"<p>Informujemy \u017ce Stowarzyszenie Pomocy na Rzecz Dzieci i M\u0142odzie\u017cy Niepe\u0142nosprawnej\u00a0 realizuje w re\u017cimie sanitarnym projekt pt; Niezb\u0119dna kropla w oceanie potrzeb &#8221; . kt\u00f3ry na rok 2020 uzyska\u0142\u00a0 dofiansowanie\u00a0 \u00a0z bud\u017cetu Miasta \u015awiebodzice w kwocie 19 tys z\u0142.<\/p>\n<p><img loading=\"lazy\" decoding=\"async\" class=\"alignnone size-medium wp-image-1795\" src=\"https:\/\/stowarzyszeniepomocy.pl\/wp-content\/uploads\/2015\/09\/3624_dzien_nieplnosprawnych1-300x213.jpg\" alt=\"\" width=\"300\" height=\"213\" srcset=\"https:\/\/stowarzyszeniepomocy.pl\/wp-content\/uploads\/2015\/09\/3624_dzien_nieplnosprawnych1-300x213.jpg 300w, https:\/\/stowarzyszeniepomocy.pl\/wp-content\/uploads\/2015\/09\/3624_dzien_nieplnosprawnych1-365x260.jpg 365w, https:\/\/stowarzyszeniepomocy.pl\/wp-content\/uploads\/2015\/09\/3624_dzien_nieplnosprawnych1.jpg 367w\" sizes=\"auto, (max-width: 300px) 100vw, 300px\" \/><\/p>\n","protected":false},"excerpt":{"rendered":"<p>Informujemy \u017ce Stowarzyszenie Pomocy na Rzecz Dzieci i M\u0142odzie\u017cy Niepe\u0142nosprawnej\u00a0 realizuje w re\u017cimie sanitarnym projekt pt; Niezb\u0119dna kropla w oceanie potrzeb &#8221; . kt\u00f3ry na rok 2020 uzyska\u0142\u00a0 dofiansowanie\u00a0 \u00a0z bud\u017cetu Miasta \u015awiebodzice w kwocie 19 tys z\u0142.<\/p>\n","protected":false},"author":1,"featured_media":1795,"parent":39,"menu_order":0,"comment_status":"closed","ping_status":"open","template":"page-templates\/business.php","meta":{"footnotes":""},"class_list":["post-23","page","type-page","status-publish","has-post-thumbnail","hentry"],"_links":{"self":[{"href":"https:\/\/stowarzyszeniepomocy.pl\/index.php?rest_route=\/wp\/v2\/pages\/23","targetHints":{"allow":["GET"]}}],"collection":[{"href":"https:\/\/stowarzyszeniepomocy.pl\/index.php?rest_route=\/wp\/v2\/pages"}],"about":[{"href":"https:\/\/stowarzyszeniepomocy.pl\/index.php?rest_route=\/wp\/v2\/types\/page"}],"author":[{"embeddable":true,"href":"https:\/\/stowarzyszeniepomocy.pl\/index.php?rest_route=\/wp\/v2\/users\/1"}],"replies":[{"embeddable":true,"href":"https:\/\/stowarzyszeniepomocy.pl\/index.php?rest_route=%2Fwp%2Fv2%2Fcomments&post=23"}],"version-history":[{"count":4,"href":"https:\/\/stowarzyszeniepomocy.pl\/index.php?rest_route=\/wp\/v2\/pages\/23\/revisions"}],"predecessor-version":[{"id":2400,"href":"https:\/\/stowarzyszeniepomocy.pl\/index.php?rest_route=\/wp\/v2\/pages\/23\/revisions\/2400"}],"up":[{"embeddable":true,"href":"https:\/\/stowarzyszeniepomocy.pl\/index.php?rest_route=\/wp\/v2\/pages\/39"}],"wp:featuredmedia":[{"embeddable":true,"href":"https:\/\/stowarzyszeniepomocy.pl\/index.php?rest_route=\/wp\/v2\/media\/1795"}],"wp:attachment":[{"href":"https:\/\/stowarzyszeniepomocy.pl\/index.php?rest_route=%2Fwp%2Fv2%2Fmedia&parent=23"}],"curies":[{"name":"wp","href":"https:\/\/api.w.org\/{rel}","templated":true}]}}