{"id":33,"date":"2015-11-12T11:31:37","date_gmt":"2015-11-12T11:31:37","guid":{"rendered":"http:\/\/stowarzyszeniepomocy.pl\/?page_id=33"},"modified":"2015-12-01T19:40:28","modified_gmt":"2015-12-01T19:40:28","slug":"statut-stowarzyszenia","status":"publish","type":"page","link":"https:\/\/stowarzyszeniepomocy.pl\/?page_id=33","title":{"rendered":"Statut"},"content":{"rendered":"<p><iframe loading=\"lazy\" src=\"https:\/\/www.youtube.com\/embed\/d5-oeneWLjY?rel=0\" width=\"720\" height=\"540\" frameborder=\"0\" allowfullscreen=\"allowfullscreen\"><\/iframe><\/p>\n<h1 style=\"text-align: center;\"><\/h1>\n<h1 style=\"text-align: center;\"><strong>STATUT<\/strong><\/h1>\n<h1 style=\"text-align: center;\"><strong>Stowarzyszenia Pomocy na Rzecz Dzieci i M\u0142odzie\u017cy Niepe\u0142nosprawnej<\/strong><\/h1>\n<h3 style=\"text-align: center;\">Rozdzia\u0142 1<\/h3>\n<h3 style=\"text-align: center;\">Postanowienia og\u00f3lne<\/h3>\n<p style=\"text-align: center;\">\u00a71<\/p>\n<p style=\"text-align: left;\">Stowarzyszenie nosi nazw\u0119: Stowarzyszenie Pomocy na rzecz Dzieci i M\u0142odzie\u017cy Niepe\u0142nosprawnej.<\/p>\n<p style=\"text-align: center;\">\u00a7 2<\/p>\n<p style=\"text-align: left;\">Stowarzyszenie prowadzi dzia\u0142alno\u015b\u0107 po\u017cytku publicznego<\/p>\n<p style=\"text-align: center;\">\u00a73<\/p>\n<p style=\"text-align: left;\">1.Terenem dzia\u0142ania Stowarzyszenia jest obszar Rzeczypospolitej Polskiej, a siedzib\u0105 jest miasto\u00a0\u015awiebodzice.<br \/>\n2. Stowarzyszenie dzia\u0142a na terytorium Rzeczypospolitej Polskiej i poza jej granicami zgodnie z prawem polskim oraz prawem obowi\u0105zuj\u0105cym na terenie dzia\u0142ania.<\/p>\n<p style=\"text-align: center;\">\u00a74<\/p>\n<p style=\"text-align: left;\">1. Stowarzyszenie dzia\u0142a zgodnie z porz\u0105dkiem prawnym i ustrojem konstytucyjnym Rzeczpospolitej Polskiej.<br \/>\n2. Stowarzyszenie posiada osobowo\u015b\u0107 prawn\u0105.<br \/>\n3. Stowarzyszenie dzia\u0142a w oparciu o Ustaw\u0119 o po\u017cytku publicznym i wolontariacie.<\/p>\n<p style=\"text-align: center;\">\u00a75<\/p>\n<p style=\"text-align: left;\">Stowarzyszenie mo\u017ce by\u0107 cz\u0142onkiem krajowych i zagranicznych organizacji zainteresowanych dzia\u0142alno\u015bci\u0105 Stowarzyszenia.<\/p>\n<p style=\"text-align: center;\">\u00a76<\/p>\n<p style=\"text-align: left;\">Stowarzyszenie mo\u017ce u\u017cywa\u0107 piecz\u0119ci i znaku graficznego zgodnie z obowi\u0105zuj\u0105cymi w tym zakresie przepisami prawa.<\/p>\n<p style=\"text-align: center;\">\u00a77<\/p>\n<p style=\"text-align: left;\">1. Stowarzyszenie opiera sw\u0105 dzia\u0142alno\u015b\u0107 na aktywnej spo\u0142ecznej pracy og\u00f3\u0142u cz\u0142onk\u00f3w oraz wolontariuszy.<br \/>\n2. Do prowadzenia swych spraw Stowarzyszenie mo\u017ce zatrudni\u0107 pracownik\u00f3w.<br \/>\n3. Do realizacji cel\u00f3w statutowych Stowarzyszenie mo\u017ce tworzy\u0107 podmioty ekonomii spo\u0142ecznej.<\/p>\n<h3 style=\"text-align: center;\">Rozdzia\u0142 2<\/h3>\n<h3 style=\"text-align: center;\">Cele i \u015arodki Dzia\u0142ania<\/h3>\n<p style=\"text-align: center;\">\u00a78<\/p>\n<p>Celem Stowarzyszenia jest niesienie wszechstronnej pomocy we wszystkich dziedzinach \u017cycia dzieciom, m\u0142odzie\u017cy niepe\u0142nosprawnym a tak\u017ce doros\u0142ym osobom niepe\u0142nosprawnym oraz ich prawnym opiekunom.<\/p>\n<p style=\"text-align: center;\">\u00a79<\/p>\n<p>Stowarzyszenie realizuje swoje zadania w zakresie:<br \/>\n1. Dzia\u0142a\u0144 na rzecz os\u00f3b niepe\u0142nosprawnych<br \/>\na) prowadzenie dzia\u0142alno\u015bci informacyjnej w zakresie problematyki \u015brodowiska os\u00f3b niepe\u0142nosprawnych<br \/>\nb) aktywne popieranie budowy i rozwoju o\u015brodk\u00f3w szkolno &#8211; rehabilitacyjnych, opieku\u0144czo wychowawczych i leczniczych dla dzieci i m\u0142odzie\u017cy\u00a0niepe\u0142nosprawnych.<br \/>\nc) rozwijanie form integrowania dzieci i m\u0142odzie\u017cy niepe\u0142nosprawnej w \u015brodowisku ich zdrowych r\u00f3wie\u015bnik\u00f3w, propagowanie odpowiedniego stosunku do\u00a0problem\u00f3w dzieci i m\u0142odzie\u017cy niepe\u0142nosprawnej i do nich samych.<br \/>\nd) organizowanie wypoczynku, rekreacji i rehabilitacji dla os\u00f3b obj\u0119tych opiek\u0105 Stowarzyszenia.<br \/>\ne) rozwijanie ruchu samopomocy w\u015br\u00f3d os\u00f3b wychowuj\u0105cych dzieci i m\u0142odzie\u017c niepe\u0142nosprawn\u0105.<br \/>\nf) prowadzenie dzia\u0142alno\u015bci wydawniczej, zgodnie z prawem prasowym.<br \/>\n2. Pomocy spo\u0142ecznej, w tym pomocy rodzinom i osobom w trudnej sytuacji materialnej.<br \/>\n3. Dzia\u0142alno\u015bci charytatywnej.<br \/>\n4. Ochrony i promocji zdrowia, tworzenie i prowadzenie plac\u00f3wek \u015bwiadcz\u0105cych us\u0142ugi rehabilitacyjne i terapeutyczne, oraz dzia\u0142a\u0144 z zakresu profilaktyki\u00a0uzale\u017cnie\u0144.<br \/>\n5. Upowszechniania i ochrony praw kobiet, oraz dzia\u0142alno\u015bci na rzecz r\u00f3wnych praw kobiet i m\u0119\u017cczyzn.<br \/>\n6. Dzia\u0142alno\u015bci wspomagaj\u0105cej rozw\u00f3j wsp\u00f3lnot i spo\u0142eczno\u015bci lokalnej.<br \/>\n7. Nauki, edukacji, o\u015bwiaty i wychowania.<br \/>\n8. Kulturoznawstwa oraz wypoczynku dzieci i m\u0142odzie\u017cy niepe\u0142nosprawnej.<br \/>\n9. Upowszechniania ochrony wolno\u015bci i praw cz\u0142owieka oraz swob\u00f3d obywatelskich, a tak\u017ce dzia\u0142a\u0144 na rzecz integracji europejskiej oraz rozwijania\u00a0kontakt\u00f3w i wsp\u00f3\u0142pracy mi\u0119dzy spo\u0142ecze\u0144stwami a tak\u017ce dzia\u0142a\u0144 wspomagaj\u0105cych rozw\u00f3j demokracji.<br \/>\n10. Promocji i organizacji wolontariatu.<br \/>\n11. Promocji zatrudnienia i aktywizacji zawodowej os\u00f3b pozostaj\u0105cych bez pracy i zagro\u017conych zwolnieniem z pracy.<br \/>\n12. Ekologii i ochrony zwierz\u0105t oraz ochrony dziedzictwa przyrodniczego.<br \/>\n13. Podtrzymywania tradycji narodowej, piel\u0119gnowania polsko\u015bci oraz rozwoju \u015bwiadomo\u015bci narodowej, obywatelskiej i kulturowej.<br \/>\n14. Dzia\u0142alno\u015bci na rzecz mniejszo\u015bci narodowych,<br \/>\n15. Prowadzenie dzia\u0142a\u0144 z zakresu profilaktyki uzale\u017cnie\u0144 w tym prowadzenie \u015bwietlic terapeutycznych dla dzieci i m\u0142odzie\u017cy.<br \/>\n16. Kultury, sztuki, ochrony d\u00f3br kultury i tradycji.<br \/>\n17. Upowszechnianie kultury fizycznej i sportu.<\/p>\n<h3 style=\"text-align: center;\">Rozdzia\u0142 3<\/h3>\n<h3 style=\"text-align: center;\">Cz\u0142onkowie Stowarzyszenia, ich prawa i obowi\u0105zki<\/h3>\n<p style=\"text-align: center;\">\u00a710<\/p>\n<p>Cz\u0142onkowie Stowarzyszenia dziel\u0105 si\u0119 na:<br \/>\n1. Zwyczajnych,<br \/>\n2. Wspieraj\u0105cych.<br \/>\n3. Wolontariuszy<\/p>\n<p style=\"text-align: center;\">\u00a711<\/p>\n<p>1. Cz\u0142onkiem zwyczajnym Stowarzyszenia mo\u017ce zosta\u0107 ka\u017cda osoba fizyczna, kt\u00f3ra zadeklaruje ch\u0119\u0107 dzia\u0142ania na rzecz dzieci i m\u0142odzie\u017cy niepe\u0142nosprawnej i uzyska akceptacj\u0119 w drodze uchwa\u0142y Zarz\u0105du Stowarzyszenia<\/p>\n<p>2. Cz\u0142onkiem wspieraj\u0105cym Stowarzyszenie mo\u017ce by\u0107 ka\u017cda osoba prawna i fizyczna, kt\u00f3ra zadeklaruje poparcie finansowe na rzecz Stowarzyszenia i\u00a0zostanie przyj\u0119ta &#8211; na podstawie pisemnej deklaracji &#8211; przez Zarz\u0105d Stowarzyszenia &#8211; w drodze uchwa\u0142y.<br \/>\n1. Wolontariuszem mo\u017ce zosta\u0107 ka\u017cda osoba fizyczna, kt\u00f3ra dobrowolnie i bez wynagrodzenia zadeklaruje ch\u0119\u0107 wykonywania \u015bwiadcze\u0144 na rzecz.<br \/>\nStowarzyszenia na zasadach okre\u015blonych w Ustawie o dzia\u0142alno\u015bci po\u017cytku publicznego i o wolontariacie.<\/p>\n<p style=\"text-align: center;\">\u00a712<\/p>\n<p>1. Przyjmowanie do Stowarzyszenia cz\u0142onk\u00f3w zwyczajnych, wspieraj\u0105cych wolontariuszy le\u017cy w kompetencji Zarz\u0105du.<br \/>\n2. Deklaracje o przyj\u0119ciu do Stowarzyszenia powinny by\u0107 sk\u0142adane w formie pisemnej Zarz\u0105dowi Stowarzyszenia. O przyj\u0119ciu do Stowarzyszenia decyduje\u00a0Zarz\u0105d wi\u0119kszo\u015bci\u0105 zwyk\u0142\u0105 g\u0142os\u00f3w.<\/p>\n<p style=\"text-align: center;\">\u00a713<\/p>\n<p>Cz\u0142onek zwyczajny Stowarzyszenia ma prawo:<br \/>\n1. Wybiera\u0107 i by\u0107 wybieranym do w\u0142adz Stowarzyszenia.<br \/>\n2. Udzia\u0142u w pracach, szkoleniach i imprezach organizowanych przez Stowarzyszenie.<br \/>\n3. Wysuwanie postulat\u00f3w wobec w\u0142adz Stowarzyszenia.<br \/>\na) postulaty cz\u0142onkowie sk\u0142adaj\u0105 do protoko\u0142u na zebraniach cz\u0142onk\u00f3w Stowarzyszenia lub pisemnie do Zarz\u0105du Stowarzyszenia.<br \/>\n4. Rekomendowanie kandydata Stowarzyszenia.<br \/>\n5. Otrzymywanie od w\u0142adz Stowarzyszenia pomocy w realizacji zada\u0144 statutowych.<br \/>\n6. Korzystanie z innych uprawnie\u0144 wynikaj\u0105cych ze statutu, uchwa\u0142 i dzia\u0142alno\u015bci Stowarzyszenia.<\/p>\n<p style=\"text-align: center;\">\u00a714<\/p>\n<p>Do obowi\u0105zk\u00f3w cz\u0142onk\u00f3w zwyczajnych nale\u017cy:<br \/>\n1. Przestrzeganie statutu oraz uchwa\u0142 i postanowie\u0144 w\u0142adz Stowarzyszenia.<br \/>\n2. Branie czynnego udzia\u0142u w realizacji statutowych dzia\u0142a\u0144 Stowarzyszenia.<br \/>\n3. Op\u0142acanie sk\u0142adek cz\u0142onkowskich w terminie okre\u015blonym uchwa\u0142\u0105 Zarz\u0105du.<\/p>\n<p style=\"text-align: center;\">\u00a715<\/p>\n<p>Cz\u0142onkowie wspieraj\u0105cy posiadaj\u0105 wszystkie prawa i obowi\u0105zki cz\u0142onka zwyczajnego z wyj\u0105tkiem prawa wyborczego.<\/p>\n<p style=\"text-align: center;\">\u00a716<\/p>\n<p>1.Cz\u0142onkostwo w Stowarzyszeniu ustaje na skutek:<br \/>\na) dobrowolnego wyst\u0105pienia cz\u0142onka &#8211; zg\u0142oszenie na pi\u015bmie,<br \/>\nb) skre\u015blenie z listy cz\u0142onk\u00f3w Stowarzyszenia na skutek zalegania w op\u0142acaniu sk\u0142adek cz\u0142onkowskich przez okres I-go roku, po uprzednim pisemnym\u00a0upomnieniu.<br \/>\nc) wykluczenia cz\u0142onka ze Stowarzyszenia z powodu dzia\u0142alno\u015bci nie zgodnej ze Statutem i na szkod\u0119 Stowarzyszenia,<br \/>\nd) utraty osobowo\u015bci prawnej przez cz\u0142onka Stowarzyszenia,<br \/>\ne) \u015bmierci cz\u0142onka.<br \/>\n2. Uchwa\u0142\u0119 o skre\u015bleniu lub wykluczeniu podejmuje Zarz\u0105d Stowarzyszenia a od jego decyzji przys\u0142uguje prawo wniesienia odwo\u0142ania do najbli\u017cszego\u00a0Walnego Zgromadzenia Cz\u0142onk\u00f3w.<\/p>\n<h3 style=\"text-align: center;\">Rozdzia\u0142 4<\/h3>\n<h3 style=\"text-align: center;\">W\u0142adze Stowarzyszenia<\/h3>\n<p style=\"text-align: center;\">\u00a717<\/p>\n<p>1. W\u0142adzami Stowarzyszenia s\u0105 nast\u0119puj\u0105ce organy:<br \/>\na) Walne Zgromadzenie Cz\u0142onk\u00f3w.<br \/>\nb) Zarz\u0105d.<br \/>\nc) Komisja Rewizyjna.<br \/>\n2. Kadencja w\u0142adz trwa 4 lata.<br \/>\n3. W przypadku systematycznego braku aktywno\u015bci i nie wype\u0142niania obowi\u0105zk\u00f3w przez cz\u0142onka w\u0142adz, organ w sk\u0142ad, kt\u00f3rego wchodzi mo\u017ce go wykluczy\u0107 ze swojego sk\u0142adu.<br \/>\n4. W przypadku ust\u0105pienia albo wykluczenia cz\u0142onk\u00f3w w\u0142adz, w\u0142adzom tym przys\u0142uguje prawo dokooptowania w ilo\u015bci nieprzekraczaj\u0105cej 1\/3 sk\u0142adu w\u0142adz.<\/p>\n<p style=\"text-align: center;\">\u00a718<\/p>\n<p>Uchwa\u0142y wszystkich w\u0142adz Stowarzyszenia zapadaj\u0105:<br \/>\n1. Zwyk\u0142\u0105 wi\u0119kszo\u015bci\u0105 g\u0142os\u00f3w w I terminie przy obecno\u015bci 1\/2 liczby os\u00f3b uprawnionych do g\u0142osowania.<br \/>\n2. Zwyk\u0142\u0105 wi\u0119kszo\u015bci\u0105 g\u0142os\u00f3w na posiedzeniu odbytym w II terminie, wyznaczonym w tym samym dniu 30 minut p\u00f3\u017aniej, w przypadku gdy w pierwszym\u00a0terminie nie zbierze si\u0119 wymagana liczba os\u00f3b do podj\u0119cia Uchwa\u0142y.<\/p>\n<p style=\"text-align: center;\">\u00a719<\/p>\n<p>1. Najwy\u017csz\u0105 w\u0142adz\u0105 Stowarzyszenia jest Walne Zgromadzenie Cz\u0142onk\u00f3w zwo\u0142ywane przez Zarz\u0105d raz w roku.<br \/>\n2. Zarz\u0105d jest zobowi\u0105zany powiadomi\u0107 uczestnik\u00f3w o miejscu, terminie oraz projekcie porz\u0105dku dziennego Walnego Zgromadzenia Cz\u0142onk\u00f3w co najmniej\u00a0na 14 dni przed terminem Zgromadzenia.<br \/>\n3. Zgromadzenie Stowarzyszenia mo\u017ce by\u0107 zwyczajne i nadzwyczajne.<\/p>\n<p style=\"text-align: center;\">\u00a720<\/p>\n<p>1. W Walnym Zgromadzeniu Cz\u0142onk\u00f3w bior\u0105 udzia\u0142 z g\u0142osem decyduj\u0105cym wszyscy cz\u0142onkowie Stowarzyszenia.<br \/>\n2. Zaproszeni przez Zarz\u0105d go\u015bcie mog\u0105 bra\u0107 udzia\u0142 w Walnym Zgromadzeniu Cz\u0142onk\u00f3w z g\u0142osem doradczym.<\/p>\n<p style=\"text-align: center;\">\u00a721<\/p>\n<p>Do kompetencji Walnego Zgromadzenia Cz\u0142onk\u00f3w nale\u017cy:<br \/>\n1. Ustalanie kierunk\u00f3w dzia\u0142ania i programu dzia\u0142alno\u015bci Stowarzyszenia.<br \/>\n2. Rozpatrywanie i przyjmowanie sprawozda\u0144 z dzia\u0142alno\u015bci Zarz\u0105du i Komisji Rewizyjnej.<br \/>\n3. Udzielanie absolutorium Zarz\u0105dowi na wniosek Komisji Rewizyjnej.<br \/>\n4. Wyb\u00f3r w\u0142adz w spos\u00f3b ustalony przez cz\u0142onk\u00f3w Walnego Zgromadzenia.<br \/>\n5. Uchwalanie zmian w statucie Stowarzyszenia.<br \/>\n6. Podejmowanie uchwa\u0142 w sprawie rozwi\u0105zywania si\u0119 Stowarzyszenia.<br \/>\n7. Uchwalanie porz\u0105dku i regulaminu obrad Walnego Zgromadzenia Cz\u0142onk\u00f3w.<br \/>\n8. Rozpatrywanie wniosk\u00f3w Zarz\u0105du i wniosk\u00f3w zg\u0142oszonych na Walnym Zgromadzeniu Cz\u0142onk\u00f3w.<br \/>\n9. Uchwalanie regulamin\u00f3w Zarz\u0105du i Komisji Rewizyjnej.<br \/>\n10. Ustalanie sk\u0142adek cz\u0142onkowskich.<br \/>\n11. Rozpatrywanie odwo\u0142a\u0144 w sprawach cz\u0142onkowskich.<\/p>\n<p style=\"text-align: center;\">\u00a722<\/p>\n<p>1. Walne Zgromadzenie wybiera cz\u0142onk\u00f3w Zarz\u0105du i cz\u0142onk\u00f3w Komisji Rewizyjnej spo\u015br\u00f3d kandydatur podanych w czasie obrad w tajnych wyborach.<br \/>\n2. Cz\u0142onkowie Zarz\u0105du wybieraj\u0105 w jawnych wyborach prezesa, zast\u0119pc\u0119, i sekretarza spo\u015br\u00f3d siebie.<br \/>\n3. Cz\u0142onkowie Komisji Rewizyjnej w jawnych wyborach wybieraj\u0105 przewodnicz\u0105cego spo\u015br\u00f3d siebie.<br \/>\n4. Wybrani zostaj\u0105 kandydaci, kt\u00f3rzy uzyskuj\u0105 najwi\u0119ksz\u0105 liczb\u0119 g\u0142os\u00f3w, nie mniej jednak ni\u017c 50% uprawnionych do g\u0142osowania.<br \/>\n5. Cz\u0142onek Zarz\u0105du nie mo\u017ce by\u0107 wybrany do Komisji Rewizyjnej, w Zarz\u0105dzie nie mog\u0105 zasiada\u0107 osoby b\u0119d\u0105ce cz\u0142onkami rodziny lub krewnymi os\u00f3b\u00a0zasiadaj\u0105cych w Komisji Rewizyjnej.<br \/>\n6. Cz\u0142onek Komisji Rewizyjnej, ani cz\u0142onek jego rodziny nie mo\u017ce pe\u0142ni\u0107 \u017cadnych funkcji we w\u0142adzach Zarz\u0105du.<\/p>\n<p style=\"text-align: center;\">\u00a723<\/p>\n<p>1. Nadzwyczajne Walne Zgromadzenie Cz\u0142onk\u00f3w Stowarzyszenia jest zwo\u0142ywane:<br \/>\na) z inicjatywy Zarz\u0105du,<br \/>\nb) na pisemny uzasadniony wniosek Komisji Rewizyjnej,<br \/>\nc) na pisemny wniosek co najmniej 1\/3 og\u00f3lnej liczby Cz\u0142onk\u00f3w Stowarzyszenia.<br \/>\n2. Nadzwyczajne Zgromadzenie Cz\u0142onk\u00f3w winno by\u0107 zwo\u0142ane w terminie 6 tygodni od zg\u0142oszenia wniosku i obraduje nad sprawami, dla kt\u00f3rych zosta\u0142o\u00a0zwo\u0142ane.<\/p>\n<p style=\"text-align: center;\">\u00a724<\/p>\n<p>1. Zarz\u0105d Stowarzyszenia sk\u0142ada si\u0119 z 5 cz\u0142onk\u00f3w wybieranych przez Walne Zgromadzenie Cz\u0142onk\u00f3w Stowarzyszenia.<br \/>\n2. Do sk\u0142adania o\u015bwiadcze\u0144 woli i podpisywania w imieniu Stowarzyszenia przys\u0142uguje prezesowi, kt\u00f3ry mo\u017ce samodzielnie reprezentowa\u0107 stowarzyszenie, b\u0105d\u017a jednego cz\u0142onka zarz\u0105du i ksi\u0119gowej stowarzyszenia.<br \/>\n3. Rodzice dzieci i m\u0142odzie\u017cy niepe\u0142nosprawnej stanowi\u0105 2\/3 Zarz\u0105du Stowarzyszenia.<\/p>\n<p style=\"text-align: center;\">\u00a725<\/p>\n<p>Do kompetencji Zarz\u0105du Stowarzyszenia nale\u017c\u0105:<br \/>\n1. Kierowanie dzia\u0142alno\u015bci\u0105 Stowarzyszenia w okresie mi\u0119dzy Walnymi Zgromadzeniami Stowarzyszenia.<br \/>\n2. Realizacja uchwa\u0142 i wytycznych Walnego Zgromadzenia Cz\u0142onk\u00f3w.<br \/>\n3. Zwo\u0142ywanie Walnego Zebrania Cz\u0142onk\u00f3w.<br \/>\n4. Zaci\u0105ganie zobowi\u0105za\u0144 w imieniu Stowarzyszenia.<br \/>\n5. Gospodarka funduszami Stowarzyszenia.<br \/>\n6. Podejmowanie uchwa\u0142 w sprawach nagr\u00f3d i kar oraz rozstrzyganie spor\u00f3w pomi\u0119dzy cz\u0142onkami.<br \/>\n7. Przyjmowanie cz\u0142onk\u00f3w oraz prowadzenie ich ewidencji.<br \/>\n8. Reprezentowanie Stowarzyszenia na zewn\u0105trz.<br \/>\n9. Ustalanie zasad zwalniania z op\u0142at cz\u0142onkowskich.<br \/>\n10. Podejmowanie uchwa\u0142 w sprawie cz\u0142onkostwa Stowarzyszenia w innych organizacjach krajowych i zagranicznych.<br \/>\n11. Przyjmowanie zapis\u00f3w, dotacji i darowizn.<br \/>\n12. Koordynowanie pracy wolontariuszy.<br \/>\n13. Kierowanie i zarz\u0105dzanie plac\u00f3wkami realizuj\u0105cymi cele statutowe stowarzyszenia.<br \/>\n14. Zawieranie um\u00f3w cywilno &#8211; prawnych i pracowniczych.<br \/>\n15. Powo\u0142ywanie Komisji Przetargowych i innych.<\/p>\n<p style=\"text-align: center;\">\u00a726<\/p>\n<p>Posiedzenia Zarz\u0105du odbywaj\u0105 si\u0119 w miar\u0119 potrzeb, lecz nie rzadziej ni\u017c raz na kwarta\u0142 i zwo\u0142ywane s\u0105 przez Prezesa, jego zast\u0119pc\u0119 lub sekretarza.<\/p>\n<p style=\"text-align: center;\">\u00a727<\/p>\n<p>1. Komisja Rewizyjna sk\u0142ada si\u0119 z 3 cz\u0142onk\u00f3w.<br \/>\n2. Cz\u0142onkowie Komisji Rewizyjnej maj\u0105 prawo brania udzia\u0142u w posiedzeniu Zarz\u0105du z g\u0142osem doradczym.<\/p>\n<p style=\"text-align: center;\">\u00a728<\/p>\n<p>1. Komisja Rewizyjna jest organem kontroli i nadzoru. Do zakresu dzia\u0142a\u0144 Komisji Rewizyjnej nale\u017cy:<br \/>\na) przeprowadzenie, co najmniej 2 razy w roku kontroli dzia\u0142alno\u015bci Stowarzyszenia ze szczeg\u00f3lnym uwzgl\u0119dnieniem dzia\u0142alno\u015bci finansowo &#8211; gospodarczej.<br \/>\nb) przedstawienie na Walnym Zgromadzeniu Cz\u0142onk\u00f3w Stowarzyszenia sprawozdania ze swojej dzia\u0142alno\u015bci,<br \/>\nc) wyst\u0119powaniu do Zarz\u0105du z wnioskami wynikaj\u0105cymi z przeprowadzonych kontroli,<br \/>\nd) wnioskowanie zwo\u0142ania Nadzwyczajnego Walnego Zgromadzenia Cz\u0142onk\u00f3w w razie stwierdzenia nie wywi\u0105zania si\u0119 przez Zarz\u0105d z jego statutowych<br \/>\nobowi\u0105zk\u00f3w.<br \/>\ne) sk\u0142adanie na Walnym Zgromadzeniu Cz\u0142onk\u00f3w wniosk\u00f3w o udzielenie lub nie udzielenie absolutorium Zarz\u0105dowi.<br \/>\n2. Posiedzenie Komisji Rewizyjnej odbywa si\u0119 co najmniej dwa razy do roku zgodnie z zaleceniem Ustawy o po\u017cytku publicznym i wolontariacie.<br \/>\n3. Komisja Rewizyjna w celu wykonania swych zada\u0144 kontrolnych jest uprawniona do:<br \/>\na) \u017c\u0105dania od Zarz\u0105du przedstawienia wszelkich dokument\u00f3w dotycz\u0105cych dzia\u0142alno\u015bci Stowarzyszenia,<br \/>\nb) \u017c\u0105dania od cz\u0142onk\u00f3w Zarz\u0105du z\u0142o\u017cenia pisemnych lub ustnych wyja\u015bnie\u0144.<br \/>\n4. Cz\u0142onkowie Komisji Rewizyjnej :<br \/>\na) nie mog\u0105 by\u0107 cz\u0142onkami organu zarz\u0105dzaj\u0105cego ani pozostawa\u0107 z nimi w zwi\u0105zku ma\u0142\u017ce\u0144skim, we wsp\u00f3lnym po\u017cyciu, w stosunku pokrewie\u0144stwa, powinowactwa lub podleg\u0142o\u015bci s\u0142u\u017cbowej,<br \/>\nb) nie mog\u0105 by\u0107 skazani wyrokiem prawomocnym za przest\u0119pstwo umy\u015blne \u015bcigane z oskar\u017cenia publicznego lub przest\u0119pstwo skarbowe,<br \/>\nc) mog\u0105 otrzymywa\u0107 z tytu\u0142u pe\u0142nienia funkcji w tym organie zwrot uzasadnionych koszt\u00f3w lub wynagrodzenie w wysoko\u015bci nie wy\u017cszej ni\u017c przeci\u0119tne miesi\u0119czne wynagrodzenie w sektorze przedsi\u0119biorstw og\u0142oszone przez Prezesa GUS za rok poprzedni.<\/p>\n<h3 style=\"text-align: center;\">Rozdzia\u0142 5<\/h3>\n<h3 style=\"text-align: center;\">Maj\u0105tek i fundusze Stowarzyszenia.<\/h3>\n<p style=\"text-align: center;\">\u00a729<\/p>\n<p>1. Maj\u0105tek Stowarzyszenia stanowi\u0105:<br \/>\na) nieruchomo\u015bci,<br \/>\nb) ruchomo\u015bci,<br \/>\nc) fundusze.<br \/>\n2. Na fundusze Stowarzyszenia sk\u0142adaj\u0105 si\u0119:<br \/>\na) wp\u0142ywy ze sk\u0142adek cz\u0142onkowskich i op\u0142at wpisowych,<br \/>\nb) dotacje, subwencje i zapisy,<br \/>\nc) darowizny,<br \/>\nd) wp\u0142ywy z dzia\u0142alno\u015bci gospodarczej,<br \/>\ne) dochody z nieruchomo\u015bci i ruchomo\u015bci Stowarzyszenia,<br \/>\nf) dochody z ofiarno\u015bci publicznej.<br \/>\ng) dzia\u0142alno\u015b\u0107, odp\u0142atnej dzia\u0142alno\u015bci po\u017cytku publicznego.<\/p>\n<p style=\"text-align: center;\">\u00a730<\/p>\n<p>1. Fundusze Stowarzyszenia mog\u0105 by\u0107 u\u017cyte wy\u0142\u0105cznie na cele okre\u015blone w statucie.<br \/>\n2. Stowarzyszenie nie mo\u017ce udziela\u0107 po\u017cyczek lub zabezpieczenia zobowi\u0105za\u0144 maj\u0105tkiem organizacji w stosunku do jego cz\u0142onk\u00f3w, cz\u0142onk\u00f3w w\u0142adz lub pracownik\u00f3w oraz os\u00f3b, z kt\u00f3rymi pracownicy pozostaj\u0105 w zwi\u0105zku ma\u0142\u017ce\u0144skim albo stosunku pokrewie\u0144stwa lub powinowactwa w linii prostej, pokrewie\u0144stwa lub powinowactwa w linii bocznej do drugiego stopnia albo zwi\u0105zani z tytu\u0142u przysposobienia, opieki lub kurateli \/ zwanych ni\u017cej osobami\u00a0bliskimi<br \/>\n3. Stowarzyszenie nie mo\u017ce przekazywa\u0107 swojego maj\u0105tku na rzecz cz\u0142onk\u00f3w w\u0142adz lub pracownik\u00f3w oraz os\u00f3b bliskich \/wy\u017cej wymienionych\/, na zasadach\u00a0innych ni\u017c w stosunku do os\u00f3b trzecich, w szczeg\u00f3lno\u015bci je\u017celi przekazanie to nast\u0119puje bezp\u0142atnie lub na preferencyjnych warunkach.<br \/>\n4. Zabrania si\u0119 wykorzystywania maj\u0105tku na rzecz cz\u0142onk\u00f3w, cz\u0142onk\u00f3w w\u0142adz lub pracownik\u00f3w oraz os\u00f3b bliskich na zasadach innych ni\u017c w stosunku do<br \/>\nos\u00f3b trzecich, chyba \u017ce to wykorzystanie bezpo\u015brednio wynika ze statutowego celu organizacji.<br \/>\n5. Zabrania si\u0119 zakupu towar\u00f3w lub us\u0142ug od podmiot\u00f3w, w kt\u00f3rych uczestnicz\u0105 cz\u0142onkowie organizacji, cz\u0142onkowie jej organ\u00f3w lub pracownicy oraz ich os\u00f3b bliskich, na zasadach innych ni\u017c w stosunku do os\u00f3b trzecich lub po cenach wy\u017cszych ni\u017c rynkowe.<br \/>\n6.Zarz\u0105d Stowarzyszenia gospodaruje maj\u0105tkiem oraz prowadzi ksi\u0119gowo\u015b\u0107 zgodnie z obowi\u0105zuj\u0105cymi w tym zakresie przepisami.<\/p>\n<p style=\"text-align: center;\">\u00a731<\/p>\n<p>1. Dla wa\u017cno\u015bci pism dotycz\u0105cych praw i obowi\u0105zk\u00f3w maj\u0105tkowych wymagany jest podpis prezesa, kt\u00f3ry mo\u017ce samodzielnie reprezentowa\u0107 Stowarzyszenie,\u00a0b\u0105d\u017a jednego cz\u0142onka zarz\u0105du i ksi\u0119gowej stowarzyszenia.<br \/>\n2. W\u0142adze Stowarzyszenia, kt\u00f3rych kadencja zako\u0144czy\u0142a si\u0119, dzia\u0142aj\u0105 do chwili ukonstytuowania si\u0119 nowo wybranych w\u0142adz, kt\u00f3rym obowi\u0105zane s\u0105\u00a0niezw\u0142ocznie przekaza\u0107 maj\u0105tek i prowadzenie spraw (akta). Przekazanie odbywa si\u0119 w formie protokolarnej.<\/p>\n<h3 style=\"text-align: center;\">Rozdzia\u0142 6<\/h3>\n<h3 style=\"text-align: center;\">Zmiana statutu i rozwi\u0105zywanie si\u0119 Stowarzyszenia.<\/h3>\n<p style=\"text-align: center;\">\u00a732<\/p>\n<p>Zmiana statutu i rozwi\u0105zywanie si\u0119 Stowarzyszenia.<br \/>\n1. Zmiana statutu nast\u0119puje w przypadku podj\u0119cia w tym przedmiocie uchwa\u0142y przez Walne Zgromadzenie Cz\u0142onk\u00f3w Stowarzyszenia wi\u0119kszo\u015bci\u0105 2\/3 g\u0142os\u00f3w\u00a0przy obecno\u015bci, co najmniej 1\/2 uprawnionych do g\u0142osowania.<br \/>\n2. Uchwa\u0142\u0119 o rozwi\u0105zaniu Stowarzyszenia podejmuje Walne Zgromadzenie Cz\u0142onk\u00f3w wi\u0119kszo\u015bci\u0105 2\/3 g\u0142os\u00f3w przy obecno\u015bci, co najmniej 1\/2 uprawnionych\u00a0do g\u0142osowania.<br \/>\n3. Podejmuj\u0105c uchwa\u0142\u0119 o rozwi\u0105zaniu Stowarzyszenia, Walne Zgromadzenie okre\u015bla spos\u00f3b przeprowadzenia likwidacji oraz przeznaczenie maj\u0105tku\u00a0Stowarzyszenia.<\/p>\n<p><strong>\u015awiebodzice 23.10.2000<\/strong><\/p>\n<p>Statut Stowarzyszenia po zmianach zatwierdzonych w dniach:\u00a011.04.2005 r.,\u00a017.04.2007 r.,\u00a031.03.2008 r.,\u00a009.02.2009 r.,\u00a008.03.2011 r.,\u00a020.04.2015 r.<\/p>\n","protected":false},"excerpt":{"rendered":"<p>STATUT Stowarzyszenia Pomocy na Rzecz Dzieci i M\u0142odzie\u017cy Niepe\u0142nosprawnej Rozdzia\u0142 1 Postanowienia og\u00f3lne \u00a71 Stowarzyszenie nosi nazw\u0119: Stowarzyszenie Pomocy na rzecz Dzieci i M\u0142odzie\u017cy Niepe\u0142nosprawnej. \u00a7 2 Stowarzyszenie prowadzi dzia\u0142alno\u015b\u0107 po\u017cytku publicznego \u00a73 1.Terenem dzia\u0142ania Stowarzyszenia jest obszar Rzeczypospolitej Polskiej,<\/p>\n","protected":false},"author":1,"featured_media":228,"parent":0,"menu_order":0,"comment_status":"closed","ping_status":"open","template":"","meta":{"footnotes":""},"class_list":["post-33","page","type-page","status-publish","has-post-thumbnail","hentry"],"_links":{"self":[{"href":"https:\/\/stowarzyszeniepomocy.pl\/index.php?rest_route=\/wp\/v2\/pages\/33","targetHints":{"allow":["GET"]}}],"collection":[{"href":"https:\/\/stowarzyszeniepomocy.pl\/index.php?rest_route=\/wp\/v2\/pages"}],"about":[{"href":"https:\/\/stowarzyszeniepomocy.pl\/index.php?rest_route=\/wp\/v2\/types\/page"}],"author":[{"embeddable":true,"href":"https:\/\/stowarzyszeniepomocy.pl\/index.php?rest_route=\/wp\/v2\/users\/1"}],"replies":[{"embeddable":true,"href":"https:\/\/stowarzyszeniepomocy.pl\/index.php?rest_route=%2Fwp%2Fv2%2Fcomments&post=33"}],"version-history":[{"count":6,"href":"https:\/\/stowarzyszeniepomocy.pl\/index.php?rest_route=\/wp\/v2\/pages\/33\/revisions"}],"predecessor-version":[{"id":227,"href":"https:\/\/stowarzyszeniepomocy.pl\/index.php?rest_route=\/wp\/v2\/pages\/33\/revisions\/227"}],"wp:featuredmedia":[{"embeddable":true,"href":"https:\/\/stowarzyszeniepomocy.pl\/index.php?rest_route=\/wp\/v2\/media\/228"}],"wp:attachment":[{"href":"https:\/\/stowarzyszeniepomocy.pl\/index.php?rest_route=%2Fwp%2Fv2%2Fmedia&parent=33"}],"curies":[{"name":"wp","href":"https:\/\/api.w.org\/{rel}","templated":true}]}}